{"id":1085992,"date":"2026-04-03T14:09:26","date_gmt":"2026-04-03T17:09:26","guid":{"rendered":"https:\/\/arttellsstories.ca\/artsale\/?post_type=product&#038;p=1085992"},"modified":"2026-04-25T22:37:47","modified_gmt":"2026-04-26T01:37:47","slug":"lipstick-tree","status":"publish","type":"product","link":"https:\/\/arttellsstories.ca\/artsale\/product\/lipstick-tree\/","title":{"rendered":"Lipstick plant \/ Plante rouge \u00e0 l\u00e8vres"},"content":{"rendered":"<h3>BIO of Suzanne Major<\/h3>\n<p>Suzanne Major signs her paintings \u201cSuzMajor\u201d. She has been painting for the past 30 years. She has participated in symposiums from 2000 to 2010. After that she concentrated her energies on completing a PhD degree in Anthropology of early childhood education. Her focus is education of young children and education to the environment.<\/p>\n<p>She has worked 12 years as Director of the Early Childhood Studies Program of the University of Montreal. She was a teacher in the program for 19 years. She has retired from her full-time position to work as a consultant, writer and artist. She just completed a contract with the NAAEE (National American Association for Environmental Education) that spanned from 2017 to 2024 writing about education to the environment.<\/p>\n<p>She moved to New Brunswick in July of 2022 and settled in the beautiful village of Doaktown in the Dickison House 1895 were she was able to set up a small studio with her husband Christian Cailliau who also paints with water colours.<\/p>\n<p>BIO<\/p>\n<p>Suzanne Major signe ses tableaux \u00ab SuzMajor \u00bb. Elle peint ses tableaux \u00e0 l\u2019huile depuis 30 ans. Elle a particip\u00e9 \u00e0 des symposiums de 2000 \u00e0 2010 puis s\u2019est concentr\u00e9e sur ses \u00e9tudes de doctorat en Anthropologie de l\u2019\u00e9ducation en petite enfance qu\u2019elle a compl\u00e9t\u00e9 en 2015. Son champ d\u2019int\u00e9r\u00eat est l\u2019\u00e9ducation en petite enfance et l\u2019\u00e9ducation \u00e0 l\u2019environnement.<\/p>\n<p>Elle a \u00e9t\u00e9 directrice du programme petite enfance de l\u2019Universit\u00e9 de Montr\u00e9al pendant 12 ans et a enseign\u00e9 dans ce m\u00eame programme pendant 19 ans. Elle a pris sa retraite de son poste \u00e0 temps plein pour travailler comme consultante, auteure et artiste. Elle vient tout juste de compl\u00e9ter un contrat avec la NAAEE (National American Association for Environmental Education) qui s\u2019est ex\u00e9cut\u00e9 de 2017 \u00e0 2024 sur l\u2019\u00e9ducation \u00e0 l\u2019environnement.<\/p>\n<p>Elle s\u2019est install\u00e9e au Nouveau Brunswick en juillet 2022 dans le beau village de Doaktown dans la maison Dickison 1895 o\u00f9 se trouve un petit studio. Elle y exhibe ses \u0153uvres avec celles de son mari Christian Cailliau qui est aquarelliste.<\/p>\n<p>Studio: 329 Main Street, Doaktown<\/p>\n","protected":false},"excerpt":{"rendered":"<p>An oil painting that shows a plant which is growing lipstick on its branches.<\/p>\n","protected":false},"featured_media":1085989,"comment_status":"closed","ping_status":"closed","template":"","meta":[],"product_brand":[],"product_cat":[32],"product_tag":[],"class_list":{"0":"post-1085992","1":"product","2":"type-product","3":"status-publish","4":"has-post-thumbnail","6":"product_cat-acrylic-painting","8":"first","9":"instock","10":"sold-individually","11":"shipping-taxable","12":"purchasable","13":"product-type-simple"},"_links":{"self":[{"href":"https:\/\/arttellsstories.ca\/artsale\/wp-json\/wp\/v2\/product\/1085992","targetHints":{"allow":["GET"]}}],"collection":[{"href":"https:\/\/arttellsstories.ca\/artsale\/wp-json\/wp\/v2\/product"}],"about":[{"href":"https:\/\/arttellsstories.ca\/artsale\/wp-json\/wp\/v2\/types\/product"}],"replies":[{"embeddable":true,"href":"https:\/\/arttellsstories.ca\/artsale\/wp-json\/wp\/v2\/comments?post=1085992"}],"wp:featuredmedia":[{"embeddable":true,"href":"https:\/\/arttellsstories.ca\/artsale\/wp-json\/wp\/v2\/media\/1085989"}],"wp:attachment":[{"href":"https:\/\/arttellsstories.ca\/artsale\/wp-json\/wp\/v2\/media?parent=1085992"}],"wp:term":[{"taxonomy":"product_brand","embeddable":true,"href":"https:\/\/arttellsstories.ca\/artsale\/wp-json\/wp\/v2\/product_brand?post=1085992"},{"taxonomy":"product_cat","embeddable":true,"href":"https:\/\/arttellsstories.ca\/artsale\/wp-json\/wp\/v2\/product_cat?post=1085992"},{"taxonomy":"product_tag","embeddable":true,"href":"https:\/\/arttellsstories.ca\/artsale\/wp-json\/wp\/v2\/product_tag?post=1085992"}],"curies":[{"name":"wp","href":"https:\/\/api.w.org\/{rel}","templated":true}]}}